{"id":184,"date":"2021-09-25T14:39:48","date_gmt":"2021-09-25T14:39:48","guid":{"rendered":"https:\/\/agitated-goldberg.87-118-120-113.plesk.page\/?page_id=184"},"modified":"2022-11-09T18:46:50","modified_gmt":"2022-11-09T18:46:50","slug":"impressum","status":"publish","type":"page","link":"https:\/\/baudienstleistung-ruckd\u00e4schel.de\/?page_id=184","title":{"rendered":"Impressum"},"content":{"rendered":"\t\t<div data-elementor-type=\"wp-page\" data-elementor-id=\"184\" class=\"elementor elementor-184\" data-elementor-post-type=\"page\">\n\t\t\t\t\t\t\t\t\t<section class=\"elementor-section elementor-top-section elementor-element elementor-element-5dc3ccf elementor-section-boxed elementor-section-height-default elementor-section-height-default\" data-id=\"5dc3ccf\" data-element_type=\"section\">\n\t\t\t\t\t\t<div class=\"elementor-container elementor-column-gap-default\">\n\t\t\t\t\t<div class=\"elementor-column elementor-col-100 elementor-top-column elementor-element elementor-element-511680b\" data-id=\"511680b\" data-element_type=\"column\">\n\t\t\t<div class=\"elementor-widget-wrap elementor-element-populated\">\n\t\t\t\t\t\t\t\t<div class=\"elementor-element elementor-element-11e0e43 elementor-widget elementor-widget-text-editor\" data-id=\"11e0e43\" data-element_type=\"widget\" data-widget_type=\"text-editor.default\">\n\t\t\t\t<div class=\"elementor-widget-container\">\n\t\t\t<style>\/*! elementor - v3.15.0 - 20-08-2023 *\/\n.elementor-widget-text-editor.elementor-drop-cap-view-stacked .elementor-drop-cap{background-color:#69727d;color:#fff}.elementor-widget-text-editor.elementor-drop-cap-view-framed .elementor-drop-cap{color:#69727d;border:3px solid;background-color:transparent}.elementor-widget-text-editor:not(.elementor-drop-cap-view-default) .elementor-drop-cap{margin-top:8px}.elementor-widget-text-editor:not(.elementor-drop-cap-view-default) .elementor-drop-cap-letter{width:1em;height:1em}.elementor-widget-text-editor .elementor-drop-cap{float:left;text-align:center;line-height:1;font-size:50px}.elementor-widget-text-editor .elementor-drop-cap-letter{display:inline-block}<\/style>\t\t\t\t<h1>Impressum<\/h1><h2>Angaben gem\u00e4\u00df \u00a7 5 TMG<\/h2><p>Philipp Ruckd\u00e4schel<br \/>Baudienstleistung Ruckd\u00e4schel ( Garten und Landschaftsbau )<br \/>Seumestra\u00dfe 10a<br \/>06686 L\u00fctzen<\/p><h2>Kontakt<\/h2><p>Telefon: 015258731335<br \/>E-Mail: RuckdaeschelBau@web.de<\/p><h2>EU-Streitschlichtung<\/h2><p>Die Europ\u00e4ische Kommission stellt eine Plattform zur Online-Streitbeilegung (OS) bereit: <a href=\"https:\/\/ec.europa.eu\/consumers\/odr\/\" target=\"_blank\" rel=\"noopener noreferrer\">https:\/\/ec.europa.eu\/consumers\/odr\/<\/a>.<br \/>Unsere E-Mail-Adresse finden Sie oben im Impressum.<\/p><h2>Verbraucher\u00adstreit\u00adbeilegung\/Universal\u00adschlichtungs\u00adstelle<\/h2><p>Wir sind nicht bereit oder verpflichtet, an Streitbeilegungsverfahren vor einer Verbraucherschlichtungsstelle teilzunehmen.<\/p><h2>Haftung f\u00fcr Inhalte<\/h2><p>Als Diensteanbieter sind wir gem\u00e4\u00df \u00a7 7 Abs.1 TMG f\u00fcr eigene Inhalte auf diesen Seiten nach den allgemeinen Gesetzen verantwortlich. Nach \u00a7\u00a7 8 bis 10 TMG sind wir als Diensteanbieter jedoch nicht verpflichtet, \u00fcbermittelte oder gespeicherte fremde Informationen zu \u00fcberwachen oder nach Umst\u00e4nden zu forschen, die auf eine rechtswidrige T\u00e4tigkeit hinweisen.<\/p><p>Verpflichtungen zur Entfernung oder Sperrung der Nutzung von Informationen nach den allgemeinen Gesetzen bleiben hiervon unber\u00fchrt. Eine diesbez\u00fcgliche Haftung ist jedoch erst ab dem Zeitpunkt der Kenntnis einer konkreten Rechtsverletzung m\u00f6glich. Bei Bekanntwerden von entsprechenden Rechtsverletzungen werden wir diese Inhalte umgehend entfernen.<\/p><h2>Haftung f\u00fcr Links<\/h2><p>Unser Angebot enth\u00e4lt Links zu externen Websites Dritter, auf deren Inhalte wir keinen Einfluss haben. Deshalb k\u00f6nnen wir f\u00fcr diese fremden Inhalte auch keine Gew\u00e4hr \u00fcbernehmen. F\u00fcr die Inhalte der verlinkten Seiten ist stets der jeweilige Anbieter oder Betreiber der Seiten verantwortlich. Die verlinkten Seiten wurden zum Zeitpunkt der Verlinkung auf m\u00f6gliche Rechtsverst\u00f6\u00dfe \u00fcberpr\u00fcft. Rechtswidrige Inhalte waren zum Zeitpunkt der Verlinkung nicht erkennbar.<\/p><p>Eine permanente inhaltliche Kontrolle der verlinkten Seiten ist jedoch ohne konkrete Anhaltspunkte einer Rechtsverletzung nicht zumutbar. Bei Bekanntwerden von Rechtsverletzungen werden wir derartige Links umgehend entfernen.<\/p><h2>Urheberrecht<\/h2><p>Die durch die Seitenbetreiber erstellten Inhalte und Werke auf diesen Seiten unterliegen dem deutschen Urheberrecht. Die Vervielf\u00e4ltigung, Bearbeitung, Verbreitung und jede Art der Verwertung au\u00dferhalb der Grenzen des Urheberrechtes bed\u00fcrfen der schriftlichen Zustimmung des jeweiligen Autors bzw. Erstellers. Downloads und Kopien dieser Seite sind nur f\u00fcr den privaten, nicht kommerziellen Gebrauch gestattet.<\/p><p>Soweit die Inhalte auf dieser Seite nicht vom Betreiber erstellt wurden, werden die Urheberrechte Dritter beachtet. Insbesondere werden Inhalte Dritter als solche gekennzeichnet. Sollten Sie trotzdem auf eine Urheberrechtsverletzung aufmerksam werden, bitten wir um einen entsprechenden Hinweis. Bei Bekanntwerden von Rechtsverletzungen werden wir derartige Inhalte umgehend entfernen.<\/p><p>Quelle: <a href=\"https:\/\/www.e-recht24.de\">eRecht24<\/a><\/p>\t\t\t\t\t\t<\/div>\n\t\t\t\t<\/div>\n\t\t\t\t\t<\/div>\n\t\t<\/div>\n\t\t\t\t\t\t\t<\/div>\n\t\t<\/section>\n\t\t\t\t\t\t\t<\/div>\n\t\t","protected":false},"excerpt":{"rendered":"<p>Impressum Angaben gem\u00e4\u00df \u00a7 5 TMG Philipp Ruckd\u00e4schelBaudienstleistung Ruckd\u00e4schel ( Garten und Landschaftsbau )Seumestra\u00dfe 10a06686 L\u00fctzen Kontakt Telefon: 015258731335E-Mail: RuckdaeschelBau@web.de EU-Streitschlichtung Die Europ\u00e4ische Kommission stellt eine Plattform zur Online-Streitbeilegung (OS) bereit: https:\/\/ec.europa.eu\/consumers\/odr\/.Unsere E-Mail-Adresse finden Sie oben im Impressum. Verbraucher\u00adstreit\u00adbeilegung\/Universal\u00adschlichtungs\u00adstelle Wir sind nicht bereit oder verpflichtet, an Streitbeilegungsverfahren vor einer Verbraucherschlichtungsstelle teilzunehmen. Haftung f\u00fcr Inhalte Als [&hellip;]<\/p>\n","protected":false},"author":1,"featured_media":0,"parent":0,"menu_order":0,"comment_status":"closed","ping_status":"closed","template":"elementor_header_footer","meta":{"footnotes":""},"class_list":["post-184","page","type-page","status-publish","hentry"],"yoast_head":"<!-- This site is optimized with the Yoast SEO plugin v21.1 - https:\/\/yoast.com\/wordpress\/plugins\/seo\/ -->\n<title>Impressum - Baudienstleistung Ruckdschel<\/title>\n<meta name=\"robots\" content=\"index, follow, max-snippet:-1, max-image-preview:large, max-video-preview:-1\" \/>\n<link rel=\"canonical\" href=\"https:\/\/baudienstleistung-ruckd\u00e4schel.de\/?page_id=184\" \/>\n<meta property=\"og:locale\" content=\"de_DE\" \/>\n<meta property=\"og:type\" content=\"article\" \/>\n<meta property=\"og:title\" content=\"Impressum - Baudienstleistung Ruckdschel\" \/>\n<meta property=\"og:description\" content=\"Impressum Angaben gem\u00e4\u00df \u00a7 5 TMG Philipp Ruckd\u00e4schelBaudienstleistung Ruckd\u00e4schel ( Garten und Landschaftsbau )Seumestra\u00dfe 10a06686 L\u00fctzen Kontakt Telefon: 015258731335E-Mail: RuckdaeschelBau@web.de EU-Streitschlichtung Die Europ\u00e4ische Kommission stellt eine Plattform zur Online-Streitbeilegung (OS) bereit: https:\/\/ec.europa.eu\/consumers\/odr\/.Unsere E-Mail-Adresse finden Sie oben im Impressum. Verbraucher\u00adstreit\u00adbeilegung\/Universal\u00adschlichtungs\u00adstelle Wir sind nicht bereit oder verpflichtet, an Streitbeilegungsverfahren vor einer Verbraucherschlichtungsstelle teilzunehmen. Haftung f\u00fcr Inhalte Als [&hellip;]\" \/>\n<meta property=\"og:url\" content=\"https:\/\/baudienstleistung-ruckd\u00e4schel.de\/?page_id=184\" \/>\n<meta property=\"og:site_name\" content=\"Baudienstleistung Ruckdschel\" \/>\n<meta property=\"article:modified_time\" content=\"2022-11-09T18:46:50+00:00\" \/>\n<meta name=\"twitter:card\" content=\"summary_large_image\" \/>\n<meta name=\"twitter:label1\" content=\"Gesch\u00e4tzte Lesezeit\" \/>\n\t<meta name=\"twitter:data1\" content=\"2\u00a0Minuten\" \/>\n<script type=\"application\/ld+json\" class=\"yoast-schema-graph\">{\"@context\":\"https:\/\/schema.org\",\"@graph\":[{\"@type\":\"WebPage\",\"@id\":\"https:\/\/baudienstleistung-ruckd\u00e4schel.de\/?page_id=184\",\"url\":\"https:\/\/baudienstleistung-ruckd\u00e4schel.de\/?page_id=184\",\"name\":\"Impressum - Baudienstleistung Ruckdschel\",\"isPartOf\":{\"@id\":\"https:\/\/baudienstleistung-ruckd\u00e4schel.de\/#website\"},\"datePublished\":\"2021-09-25T14:39:48+00:00\",\"dateModified\":\"2022-11-09T18:46:50+00:00\",\"breadcrumb\":{\"@id\":\"https:\/\/baudienstleistung-ruckd\u00e4schel.de\/?page_id=184#breadcrumb\"},\"inLanguage\":\"de\",\"potentialAction\":[{\"@type\":\"ReadAction\",\"target\":[\"https:\/\/baudienstleistung-ruckd\u00e4schel.de\/?page_id=184\"]}]},{\"@type\":\"BreadcrumbList\",\"@id\":\"https:\/\/baudienstleistung-ruckd\u00e4schel.de\/?page_id=184#breadcrumb\",\"itemListElement\":[{\"@type\":\"ListItem\",\"position\":1,\"name\":\"Startseite\",\"item\":\"https:\/\/baudienstleistung-ruckd\u00e4schel.de\/\"},{\"@type\":\"ListItem\",\"position\":2,\"name\":\"Impressum\"}]},{\"@type\":\"WebSite\",\"@id\":\"https:\/\/baudienstleistung-ruckd\u00e4schel.de\/#website\",\"url\":\"https:\/\/baudienstleistung-ruckd\u00e4schel.de\/\",\"name\":\"Baudienstleistung Ruckdschel\",\"description\":\"\",\"publisher\":{\"@id\":\"https:\/\/baudienstleistung-ruckd\u00e4schel.de\/#organization\"},\"potentialAction\":[{\"@type\":\"SearchAction\",\"target\":{\"@type\":\"EntryPoint\",\"urlTemplate\":\"https:\/\/baudienstleistung-ruckd\u00e4schel.de\/?s={search_term_string}\"},\"query-input\":\"required name=search_term_string\"}],\"inLanguage\":\"de\"},{\"@type\":\"Organization\",\"@id\":\"https:\/\/baudienstleistung-ruckd\u00e4schel.de\/#organization\",\"name\":\"Baudienstleistung Ruckdschel\",\"url\":\"https:\/\/baudienstleistung-ruckd\u00e4schel.de\/\",\"logo\":{\"@type\":\"ImageObject\",\"inLanguage\":\"de\",\"@id\":\"https:\/\/baudienstleistung-ruckd\u00e4schel.de\/#\/schema\/logo\/image\/\",\"url\":\"https:\/\/baudienstleistung-ruckd\u00e4schel.de\/wp-content\/uploads\/2021\/09\/logo.png\",\"contentUrl\":\"https:\/\/baudienstleistung-ruckd\u00e4schel.de\/wp-content\/uploads\/2021\/09\/logo.png\",\"width\":643,\"height\":388,\"caption\":\"Baudienstleistung Ruckdschel\"},\"image\":{\"@id\":\"https:\/\/baudienstleistung-ruckd\u00e4schel.de\/#\/schema\/logo\/image\/\"}}]}<\/script>\n<!-- \/ Yoast SEO plugin. -->","yoast_head_json":{"title":"Impressum - Baudienstleistung Ruckdschel","robots":{"index":"index","follow":"follow","max-snippet":"max-snippet:-1","max-image-preview":"max-image-preview:large","max-video-preview":"max-video-preview:-1"},"canonical":"https:\/\/baudienstleistung-ruckd\u00e4schel.de\/?page_id=184","og_locale":"de_DE","og_type":"article","og_title":"Impressum - Baudienstleistung Ruckdschel","og_description":"Impressum Angaben gem\u00e4\u00df \u00a7 5 TMG Philipp Ruckd\u00e4schelBaudienstleistung Ruckd\u00e4schel ( Garten und Landschaftsbau )Seumestra\u00dfe 10a06686 L\u00fctzen Kontakt Telefon: 015258731335E-Mail: RuckdaeschelBau@web.de EU-Streitschlichtung Die Europ\u00e4ische Kommission stellt eine Plattform zur Online-Streitbeilegung (OS) bereit: https:\/\/ec.europa.eu\/consumers\/odr\/.Unsere E-Mail-Adresse finden Sie oben im Impressum. Verbraucher\u00adstreit\u00adbeilegung\/Universal\u00adschlichtungs\u00adstelle Wir sind nicht bereit oder verpflichtet, an Streitbeilegungsverfahren vor einer Verbraucherschlichtungsstelle teilzunehmen. Haftung f\u00fcr Inhalte Als [&hellip;]","og_url":"https:\/\/baudienstleistung-ruckd\u00e4schel.de\/?page_id=184","og_site_name":"Baudienstleistung Ruckdschel","article_modified_time":"2022-11-09T18:46:50+00:00","twitter_card":"summary_large_image","twitter_misc":{"Gesch\u00e4tzte Lesezeit":"2\u00a0Minuten"},"schema":{"@context":"https:\/\/schema.org","@graph":[{"@type":"WebPage","@id":"https:\/\/baudienstleistung-ruckd\u00e4schel.de\/?page_id=184","url":"https:\/\/baudienstleistung-ruckd\u00e4schel.de\/?page_id=184","name":"Impressum - Baudienstleistung Ruckdschel","isPartOf":{"@id":"https:\/\/baudienstleistung-ruckd\u00e4schel.de\/#website"},"datePublished":"2021-09-25T14:39:48+00:00","dateModified":"2022-11-09T18:46:50+00:00","breadcrumb":{"@id":"https:\/\/baudienstleistung-ruckd\u00e4schel.de\/?page_id=184#breadcrumb"},"inLanguage":"de","potentialAction":[{"@type":"ReadAction","target":["https:\/\/baudienstleistung-ruckd\u00e4schel.de\/?page_id=184"]}]},{"@type":"BreadcrumbList","@id":"https:\/\/baudienstleistung-ruckd\u00e4schel.de\/?page_id=184#breadcrumb","itemListElement":[{"@type":"ListItem","position":1,"name":"Startseite","item":"https:\/\/baudienstleistung-ruckd\u00e4schel.de\/"},{"@type":"ListItem","position":2,"name":"Impressum"}]},{"@type":"WebSite","@id":"https:\/\/baudienstleistung-ruckd\u00e4schel.de\/#website","url":"https:\/\/baudienstleistung-ruckd\u00e4schel.de\/","name":"Baudienstleistung Ruckdschel","description":"","publisher":{"@id":"https:\/\/baudienstleistung-ruckd\u00e4schel.de\/#organization"},"potentialAction":[{"@type":"SearchAction","target":{"@type":"EntryPoint","urlTemplate":"https:\/\/baudienstleistung-ruckd\u00e4schel.de\/?s={search_term_string}"},"query-input":"required name=search_term_string"}],"inLanguage":"de"},{"@type":"Organization","@id":"https:\/\/baudienstleistung-ruckd\u00e4schel.de\/#organization","name":"Baudienstleistung Ruckdschel","url":"https:\/\/baudienstleistung-ruckd\u00e4schel.de\/","logo":{"@type":"ImageObject","inLanguage":"de","@id":"https:\/\/baudienstleistung-ruckd\u00e4schel.de\/#\/schema\/logo\/image\/","url":"https:\/\/baudienstleistung-ruckd\u00e4schel.de\/wp-content\/uploads\/2021\/09\/logo.png","contentUrl":"https:\/\/baudienstleistung-ruckd\u00e4schel.de\/wp-content\/uploads\/2021\/09\/logo.png","width":643,"height":388,"caption":"Baudienstleistung Ruckdschel"},"image":{"@id":"https:\/\/baudienstleistung-ruckd\u00e4schel.de\/#\/schema\/logo\/image\/"}}]}},"_links":{"self":[{"href":"https:\/\/baudienstleistung-ruckd\u00e4schel.de\/index.php?rest_route=\/wp\/v2\/pages\/184","targetHints":{"allow":["GET"]}}],"collection":[{"href":"https:\/\/baudienstleistung-ruckd\u00e4schel.de\/index.php?rest_route=\/wp\/v2\/pages"}],"about":[{"href":"https:\/\/baudienstleistung-ruckd\u00e4schel.de\/index.php?rest_route=\/wp\/v2\/types\/page"}],"author":[{"embeddable":true,"href":"https:\/\/baudienstleistung-ruckd\u00e4schel.de\/index.php?rest_route=\/wp\/v2\/users\/1"}],"replies":[{"embeddable":true,"href":"https:\/\/baudienstleistung-ruckd\u00e4schel.de\/index.php?rest_route=%2Fwp%2Fv2%2Fcomments&post=184"}],"version-history":[{"count":19,"href":"https:\/\/baudienstleistung-ruckd\u00e4schel.de\/index.php?rest_route=\/wp\/v2\/pages\/184\/revisions"}],"predecessor-version":[{"id":521,"href":"https:\/\/baudienstleistung-ruckd\u00e4schel.de\/index.php?rest_route=\/wp\/v2\/pages\/184\/revisions\/521"}],"wp:attachment":[{"href":"https:\/\/baudienstleistung-ruckd\u00e4schel.de\/index.php?rest_route=%2Fwp%2Fv2%2Fmedia&parent=184"}],"curies":[{"name":"wp","href":"https:\/\/api.w.org\/{rel}","templated":true}]}}