{"id":96,"date":"2021-09-25T11:50:37","date_gmt":"2021-09-25T11:50:37","guid":{"rendered":"https:\/\/agitated-goldberg.87-118-120-113.plesk.page\/home"},"modified":"2023-09-11T14:10:52","modified_gmt":"2023-09-11T14:10:52","slug":"home","status":"publish","type":"page","link":"https:\/\/baudienstleistung-ruckd\u00e4schel.de\/","title":{"rendered":"Home"},"content":{"rendered":"\t\t<div data-elementor-type=\"wp-page\" data-elementor-id=\"96\" class=\"elementor elementor-96\" data-elementor-post-type=\"page\">\n\t\t\t\t\t\t\t\t\t<section class=\"elementor-section elementor-top-section elementor-element elementor-element-91b484e elementor-section-full_width elementor-section-height-min-height elementor-section-items-stretch elementor-section-content-middle elementor-section-height-default\" data-id=\"91b484e\" data-element_type=\"section\">\n\t\t\t\t\t\t<div class=\"elementor-container elementor-column-gap-no\">\n\t\t\t\t\t<div class=\"elementor-column elementor-col-100 elementor-top-column elementor-element elementor-element-3f8b33a\" data-id=\"3f8b33a\" data-element_type=\"column\">\n\t\t\t<div class=\"elementor-widget-wrap elementor-element-populated\">\n\t\t\t\t\t\t\t\t<div class=\"elementor-element elementor-element-8e4eb04 elementor-widget__width-initial elementor-absolute elementor-widget-tablet__width-initial elementor-widget-mobile__width-inherit elementor-widget elementor-widget-spacer\" data-id=\"8e4eb04\" data-element_type=\"widget\" data-settings=\"{&quot;_position&quot;:&quot;absolute&quot;,&quot;motion_fx_motion_fx_scrolling&quot;:&quot;yes&quot;,&quot;motion_fx_translateX_effect&quot;:&quot;yes&quot;,&quot;motion_fx_translateX_direction&quot;:&quot;negative&quot;,&quot;motion_fx_translateX_speed&quot;:{&quot;unit&quot;:&quot;px&quot;,&quot;size&quot;:&quot;0.5&quot;,&quot;sizes&quot;:[]},&quot;motion_fx_devices&quot;:[&quot;desktop&quot;,&quot;tablet&quot;],&quot;motion_fx_translateX_affectedRange&quot;:{&quot;unit&quot;:&quot;%&quot;,&quot;size&quot;:&quot;&quot;,&quot;sizes&quot;:{&quot;start&quot;:0,&quot;end&quot;:100}}}\" data-widget_type=\"spacer.default\">\n\t\t\t\t<div class=\"elementor-widget-container\">\n\t\t\t<style>\/*! elementor - v3.15.0 - 20-08-2023 *\/\n.elementor-column .elementor-spacer-inner{height:var(--spacer-size)}.e-con{--container-widget-width:100%}.e-con-inner>.elementor-widget-spacer,.e-con>.elementor-widget-spacer{width:var(--container-widget-width,var(--spacer-size));--align-self:var(--container-widget-align-self,initial);--flex-shrink:0}.e-con-inner>.elementor-widget-spacer>.elementor-widget-container,.e-con-inner>.elementor-widget-spacer>.elementor-widget-container>.elementor-spacer,.e-con>.elementor-widget-spacer>.elementor-widget-container,.e-con>.elementor-widget-spacer>.elementor-widget-container>.elementor-spacer{height:100%}.e-con-inner>.elementor-widget-spacer>.elementor-widget-container>.elementor-spacer>.elementor-spacer-inner,.e-con>.elementor-widget-spacer>.elementor-widget-container>.elementor-spacer>.elementor-spacer-inner{height:var(--container-widget-height,var(--spacer-size))}<\/style>\t\t<div class=\"elementor-spacer\">\n\t\t\t<div class=\"elementor-spacer-inner\"><\/div>\n\t\t<\/div>\n\t\t\t\t<\/div>\n\t\t\t\t<\/div>\n\t\t\t\t<div class=\"elementor-element elementor-element-49b899f elementor-widget__width-initial elementor-absolute elementor-widget-tablet__width-initial elementor-widget-mobile__width-inherit elementor-widget elementor-widget-spacer\" data-id=\"49b899f\" data-element_type=\"widget\" data-settings=\"{&quot;_position&quot;:&quot;absolute&quot;,&quot;motion_fx_motion_fx_scrolling&quot;:&quot;yes&quot;,&quot;motion_fx_translateX_effect&quot;:&quot;yes&quot;,&quot;motion_fx_translateX_speed&quot;:{&quot;unit&quot;:&quot;px&quot;,&quot;size&quot;:&quot;0.8&quot;,&quot;sizes&quot;:[]},&quot;motion_fx_devices&quot;:[&quot;desktop&quot;,&quot;tablet&quot;],&quot;motion_fx_translateX_affectedRange&quot;:{&quot;unit&quot;:&quot;%&quot;,&quot;size&quot;:&quot;&quot;,&quot;sizes&quot;:{&quot;start&quot;:0,&quot;end&quot;:100}}}\" data-widget_type=\"spacer.default\">\n\t\t\t\t<div class=\"elementor-widget-container\">\n\t\t\t\t\t<div class=\"elementor-spacer\">\n\t\t\t<div class=\"elementor-spacer-inner\"><\/div>\n\t\t<\/div>\n\t\t\t\t<\/div>\n\t\t\t\t<\/div>\n\t\t\t\t<section class=\"elementor-section elementor-inner-section elementor-element elementor-element-3986ddf elementor-section-content-middle elementor-section-boxed elementor-section-height-default elementor-section-height-default\" data-id=\"3986ddf\" data-element_type=\"section\">\n\t\t\t\t\t\t<div class=\"elementor-container elementor-column-gap-no\">\n\t\t\t\t\t<div class=\"elementor-column elementor-col-100 elementor-inner-column elementor-element elementor-element-b438358\" data-id=\"b438358\" data-element_type=\"column\">\n\t\t\t<div class=\"elementor-widget-wrap elementor-element-populated\">\n\t\t\t\t\t\t\t\t<div class=\"elementor-element elementor-element-0bd5aa3 elementor-invisible elementor-widget elementor-widget-heading\" data-id=\"0bd5aa3\" data-element_type=\"widget\" data-settings=\"{&quot;_animation&quot;:&quot;fadeIn&quot;,&quot;_animation_mobile&quot;:&quot;none&quot;}\" data-widget_type=\"heading.default\">\n\t\t\t\t<div class=\"elementor-widget-container\">\n\t\t\t<style>\/*! elementor - v3.15.0 - 20-08-2023 *\/\n.elementor-heading-title{padding:0;margin:0;line-height:1}.elementor-widget-heading .elementor-heading-title[class*=elementor-size-]>a{color:inherit;font-size:inherit;line-height:inherit}.elementor-widget-heading .elementor-heading-title.elementor-size-small{font-size:15px}.elementor-widget-heading .elementor-heading-title.elementor-size-medium{font-size:19px}.elementor-widget-heading .elementor-heading-title.elementor-size-large{font-size:29px}.elementor-widget-heading .elementor-heading-title.elementor-size-xl{font-size:39px}.elementor-widget-heading .elementor-heading-title.elementor-size-xxl{font-size:59px}<\/style><h1 class=\"elementor-heading-title elementor-size-default\">Baudienstleistung<\/h1>\t\t<\/div>\n\t\t\t\t<\/div>\n\t\t\t\t<div class=\"elementor-element elementor-element-449c985 elementor-invisible elementor-widget elementor-widget-heading\" data-id=\"449c985\" data-element_type=\"widget\" data-settings=\"{&quot;_animation&quot;:&quot;fadeIn&quot;,&quot;_animation_mobile&quot;:&quot;none&quot;}\" data-widget_type=\"heading.default\">\n\t\t\t\t<div class=\"elementor-widget-container\">\n\t\t\t<h1 class=\"elementor-heading-title elementor-size-default\">Ruckd\u00e4schel\n<\/h1>\t\t<\/div>\n\t\t\t\t<\/div>\n\t\t\t\t<div class=\"elementor-element elementor-element-eecbe33 elementor-mobile-align-left elementor-invisible elementor-widget elementor-widget-button\" data-id=\"eecbe33\" data-element_type=\"widget\" data-settings=\"{&quot;_animation&quot;:&quot;fadeIn&quot;,&quot;_animation_mobile&quot;:&quot;none&quot;,&quot;_animation_delay&quot;:&quot;200&quot;}\" data-widget_type=\"button.default\">\n\t\t\t\t<div class=\"elementor-widget-container\">\n\t\t\t\t\t<div class=\"elementor-button-wrapper\">\n\t\t\t<a class=\"elementor-button elementor-button-link elementor-size-sm\" href=\"\/?page_id=72\">\n\t\t\t\t\t\t<span class=\"elementor-button-content-wrapper\">\n\t\t\t\t\t\t<span class=\"elementor-button-text\">Unsere Leistungen<\/span>\n\t\t<\/span>\n\t\t\t\t\t<\/a>\n\t\t<\/div>\n\t\t\t\t<\/div>\n\t\t\t\t<\/div>\n\t\t\t\t<div class=\"elementor-element elementor-element-81a7dcd elementor-invisible elementor-widget elementor-widget-text-editor\" data-id=\"81a7dcd\" data-element_type=\"widget\" data-settings=\"{&quot;_animation&quot;:&quot;fadeIn&quot;,&quot;_animation_mobile&quot;:&quot;none&quot;,&quot;_animation_delay&quot;:&quot;200&quot;}\" data-widget_type=\"text-editor.default\">\n\t\t\t\t<div class=\"elementor-widget-container\">\n\t\t\t<style>\/*! elementor - v3.15.0 - 20-08-2023 *\/\n.elementor-widget-text-editor.elementor-drop-cap-view-stacked .elementor-drop-cap{background-color:#69727d;color:#fff}.elementor-widget-text-editor.elementor-drop-cap-view-framed .elementor-drop-cap{color:#69727d;border:3px solid;background-color:transparent}.elementor-widget-text-editor:not(.elementor-drop-cap-view-default) .elementor-drop-cap{margin-top:8px}.elementor-widget-text-editor:not(.elementor-drop-cap-view-default) .elementor-drop-cap-letter{width:1em;height:1em}.elementor-widget-text-editor .elementor-drop-cap{float:left;text-align:center;line-height:1;font-size:50px}.elementor-widget-text-editor .elementor-drop-cap-letter{display:inline-block}<\/style>\t\t\t\t<p>Baudienstleistung Ruckd\u00e4schel ist Ihr zuverl\u00e4ssiger Partner f\u00fcr Hoch,- Tiefbau und Schadensanierung an Geb\u00e4uden \u2013 in L\u00fctzen, in Sachsen Anhalt, in Deutschland. Unser Bestreben ist es, Ihr Bauvorhaben zu einem Erfolg werden zu lassen. Egal wie gro\u00df oder klein, ob hoch oder tief \u2013 in unserem Bauunternehmen sind Sie und Ihr Projekt immer in den richtigen H\u00e4nden. Denn durch unsere langj\u00e4hrige Erfahrung und unser ausgebildetes Fachpersonal finden wir immer die richtige L\u00f6sung.<\/p>\t\t\t\t\t\t<\/div>\n\t\t\t\t<\/div>\n\t\t\t\t<div class=\"elementor-element elementor-element-62910ac elementor-invisible elementor-widget elementor-widget-text-editor\" data-id=\"62910ac\" data-element_type=\"widget\" data-settings=\"{&quot;_animation&quot;:&quot;fadeIn&quot;,&quot;_animation_mobile&quot;:&quot;none&quot;,&quot;_animation_delay&quot;:&quot;200&quot;}\" data-widget_type=\"text-editor.default\">\n\t\t\t\t<div class=\"elementor-widget-container\">\n\t\t\t\t\t\t\t<p>Als mittelst\u00e4ndisches, innovatives Bauunternehmen garantieren wir unseren Kunden ein umfassendes Leistungsportfolio, Flexibilit\u00e4t und absolute Zuverl\u00e4ssigkeit bei der Umsetzung aller Arbeiten. Wir wissen, wie man die Balance zwischen Effizienz und Qualit\u00e4t h\u00e4lt.<\/p>\t\t\t\t\t\t<\/div>\n\t\t\t\t<\/div>\n\t\t\t\t\t<\/div>\n\t\t<\/div>\n\t\t\t\t\t\t\t<\/div>\n\t\t<\/section>\n\t\t\t\t\t<\/div>\n\t\t<\/div>\n\t\t\t\t\t\t\t<\/div>\n\t\t<\/section>\n\t\t\t\t<section class=\"elementor-section elementor-top-section elementor-element elementor-element-7d6e38cc elementor-section-full_width elementor-section-height-min-height elementor-section-items-stretch elementor-section-content-middle elementor-section-height-default\" data-id=\"7d6e38cc\" data-element_type=\"section\">\n\t\t\t\t\t\t<div class=\"elementor-container elementor-column-gap-no\">\n\t\t\t\t\t<div class=\"elementor-column elementor-col-100 elementor-top-column elementor-element elementor-element-2c6d24a1\" data-id=\"2c6d24a1\" data-element_type=\"column\">\n\t\t\t<div class=\"elementor-widget-wrap elementor-element-populated\">\n\t\t\t\t\t\t\t\t<div class=\"elementor-element elementor-element-3df86d40 elementor-widget__width-initial elementor-absolute elementor-widget-tablet__width-initial elementor-widget-mobile__width-inherit elementor-widget elementor-widget-spacer\" data-id=\"3df86d40\" data-element_type=\"widget\" data-settings=\"{&quot;_position&quot;:&quot;absolute&quot;,&quot;motion_fx_motion_fx_scrolling&quot;:&quot;yes&quot;,&quot;motion_fx_translateX_effect&quot;:&quot;yes&quot;,&quot;motion_fx_translateX_speed&quot;:{&quot;unit&quot;:&quot;px&quot;,&quot;size&quot;:&quot;0.5&quot;,&quot;sizes&quot;:[]},&quot;motion_fx_devices&quot;:[&quot;desktop&quot;,&quot;tablet&quot;],&quot;motion_fx_translateX_affectedRange&quot;:{&quot;unit&quot;:&quot;%&quot;,&quot;size&quot;:&quot;&quot;,&quot;sizes&quot;:{&quot;start&quot;:0,&quot;end&quot;:100}}}\" data-widget_type=\"spacer.default\">\n\t\t\t\t<div class=\"elementor-widget-container\">\n\t\t\t\t\t<div class=\"elementor-spacer\">\n\t\t\t<div class=\"elementor-spacer-inner\"><\/div>\n\t\t<\/div>\n\t\t\t\t<\/div>\n\t\t\t\t<\/div>\n\t\t\t\t<section class=\"elementor-section elementor-inner-section elementor-element elementor-element-6607fd0a elementor-section-content-middle elementor-section-boxed elementor-section-height-default elementor-section-height-default\" data-id=\"6607fd0a\" data-element_type=\"section\">\n\t\t\t\t\t\t<div class=\"elementor-container elementor-column-gap-no\">\n\t\t\t\t\t<div class=\"elementor-column elementor-col-33 elementor-inner-column elementor-element elementor-element-4ebab537\" data-id=\"4ebab537\" data-element_type=\"column\">\n\t\t\t<div class=\"elementor-widget-wrap elementor-element-populated\">\n\t\t\t\t\t\t\t\t<div class=\"elementor-element elementor-element-8e46bfd elementor-invisible elementor-widget elementor-widget-text-editor\" data-id=\"8e46bfd\" data-element_type=\"widget\" data-settings=\"{&quot;_animation&quot;:&quot;fadeIn&quot;,&quot;_animation_mobile&quot;:&quot;none&quot;,&quot;_animation_delay&quot;:&quot;200&quot;}\" data-widget_type=\"text-editor.default\">\n\t\t\t\t<div class=\"elementor-widget-container\">\n\t\t\t\t\t\t\t<p>Ob hochkomplexe Erschlie\u00dfungen von Wohngebieten oder anspruchsvolle Pflasterarbeiten, ob Anla\u00adge von Sportpl\u00e4tzen oder Kanalbau mit modernster Technologie: Alle Arbeiten werden zuverl\u00e4ssig mit h\u00f6chster Qualit\u00e4t ausgef\u00fchrt. Aus gutem Grund setzen sowohl private als auch \u00f6ffentliche Auftraggeber in Sachsen\/Sachsen Anhalt und teilweise sogar ganz Deutschland auf das Know-how und die Erfahrung von Baudienstleistung Ruckd\u00e4schel, denn viele erfolgreich abgeschlossene Projekte sind ein starkes Argument.<\/p><p>\u00a0<\/p>\t\t\t\t\t\t<\/div>\n\t\t\t\t<\/div>\n\t\t\t\t<div class=\"elementor-element elementor-element-6453f6a9 elementor-mobile-align-left elementor-invisible elementor-widget elementor-widget-button\" data-id=\"6453f6a9\" data-element_type=\"widget\" data-settings=\"{&quot;_animation&quot;:&quot;fadeIn&quot;,&quot;_animation_mobile&quot;:&quot;none&quot;,&quot;_animation_delay&quot;:&quot;200&quot;}\" data-widget_type=\"button.default\">\n\t\t\t\t<div class=\"elementor-widget-container\">\n\t\t\t\t\t<div class=\"elementor-button-wrapper\">\n\t\t\t<a class=\"elementor-button elementor-button-link elementor-size-sm elementor-animation-grow\" href=\"\/?page_id=54\">\n\t\t\t\t\t\t<span class=\"elementor-button-content-wrapper\">\n\t\t\t\t\t\t<span class=\"elementor-button-text\">Kontaktieren Sie Uns<\/span>\n\t\t<\/span>\n\t\t\t\t\t<\/a>\n\t\t<\/div>\n\t\t\t\t<\/div>\n\t\t\t\t<\/div>\n\t\t\t\t\t<\/div>\n\t\t<\/div>\n\t\t\t\t<div class=\"elementor-column elementor-col-33 elementor-inner-column elementor-element elementor-element-c339295\" data-id=\"c339295\" data-element_type=\"column\">\n\t\t\t<div class=\"elementor-widget-wrap elementor-element-populated\">\n\t\t\t\t\t\t\t\t<div class=\"elementor-element elementor-element-67a3e43 elementor-widget-mobile__width-inherit elementor-view-default elementor-widget elementor-widget-icon\" data-id=\"67a3e43\" data-element_type=\"widget\" data-widget_type=\"icon.default\">\n\t\t\t\t<div class=\"elementor-widget-container\">\n\t\t\t\t\t<div class=\"elementor-icon-wrapper\">\n\t\t\t<div class=\"elementor-icon\">\n\t\t\t<i aria-hidden=\"true\" class=\"fas fa-square\"><\/i>\t\t\t<\/div>\n\t\t<\/div>\n\t\t\t\t<\/div>\n\t\t\t\t<\/div>\n\t\t\t\t<div class=\"elementor-element elementor-element-500ec1d0 elementor-widget-mobile__width-inherit elementor-view-default elementor-widget elementor-widget-icon\" data-id=\"500ec1d0\" data-element_type=\"widget\" data-settings=\"{&quot;motion_fx_translateY_direction&quot;:&quot;negative&quot;,&quot;motion_fx_motion_fx_scrolling&quot;:&quot;yes&quot;,&quot;motion_fx_translateY_effect&quot;:&quot;yes&quot;,&quot;motion_fx_translateY_speed&quot;:{&quot;unit&quot;:&quot;px&quot;,&quot;size&quot;:&quot;0.5&quot;,&quot;sizes&quot;:[]},&quot;motion_fx_devices&quot;:[&quot;desktop&quot;],&quot;motion_fx_translateY_affectedRange&quot;:{&quot;unit&quot;:&quot;%&quot;,&quot;size&quot;:&quot;&quot;,&quot;sizes&quot;:{&quot;start&quot;:0,&quot;end&quot;:100}}}\" data-widget_type=\"icon.default\">\n\t\t\t\t<div class=\"elementor-widget-container\">\n\t\t\t\t\t<div class=\"elementor-icon-wrapper\">\n\t\t\t<div class=\"elementor-icon\">\n\t\t\t<i aria-hidden=\"true\" class=\"fas fa-square\"><\/i>\t\t\t<\/div>\n\t\t<\/div>\n\t\t\t\t<\/div>\n\t\t\t\t<\/div>\n\t\t\t\t\t<\/div>\n\t\t<\/div>\n\t\t\t\t<div class=\"elementor-column elementor-col-33 elementor-inner-column elementor-element elementor-element-716ba969\" data-id=\"716ba969\" data-element_type=\"column\">\n\t\t\t<div class=\"elementor-widget-wrap elementor-element-populated\">\n\t\t\t\t\t\t\t\t<div class=\"elementor-element elementor-element-d983191 elementor-widget elementor-widget-image\" data-id=\"d983191\" data-element_type=\"widget\" data-widget_type=\"image.default\">\n\t\t\t\t<div class=\"elementor-widget-container\">\n\t\t\t<style>\/*! elementor - v3.15.0 - 20-08-2023 *\/\n.elementor-widget-image{text-align:center}.elementor-widget-image a{display:inline-block}.elementor-widget-image a img[src$=\".svg\"]{width:48px}.elementor-widget-image img{vertical-align:middle;display:inline-block}<\/style>\t\t\t\t\t\t\t\t\t\t\t\t<img loading=\"lazy\" decoding=\"async\" width=\"520\" height=\"344\" src=\"https:\/\/baudienstleistung-ruckd\u00e4schel.de\/wp-content\/uploads\/2023\/01\/fassadenputz-kosten-2-520x344.jpg.webp\" class=\"attachment-large size-large wp-image-558\" alt=\"\" srcset=\"https:\/\/baudienstleistung-ruckd\u00e4schel.de\/wp-content\/uploads\/2023\/01\/fassadenputz-kosten-2-520x344.jpg.webp 520w, https:\/\/baudienstleistung-ruckd\u00e4schel.de\/wp-content\/uploads\/2023\/01\/fassadenputz-kosten-2-520x344.jpg-300x198.webp 300w\" sizes=\"auto, (max-width: 520px) 100vw, 520px\" \/>\t\t\t\t\t\t\t\t\t\t\t\t\t\t\t<\/div>\n\t\t\t\t<\/div>\n\t\t\t\t\t<\/div>\n\t\t<\/div>\n\t\t\t\t\t\t\t<\/div>\n\t\t<\/section>\n\t\t\t\t\t<\/div>\n\t\t<\/div>\n\t\t\t\t\t\t\t<\/div>\n\t\t<\/section>\n\t\t\t\t\t\t\t<\/div>\n\t\t","protected":false},"excerpt":{"rendered":"<p>Baudienstleistung Ruckd\u00e4schel Unsere Leistungen Baudienstleistung Ruckd\u00e4schel ist Ihr zuverl\u00e4ssiger Partner f\u00fcr Hoch,- Tiefbau und Schadensanierung an Geb\u00e4uden \u2013 in L\u00fctzen, in Sachsen Anhalt, in Deutschland. Unser Bestreben ist es, Ihr Bauvorhaben zu einem Erfolg werden zu lassen. Egal wie gro\u00df oder klein, ob hoch oder tief \u2013 in unserem Bauunternehmen sind Sie und Ihr Projekt [&hellip;]<\/p>\n","protected":false},"author":1,"featured_media":0,"parent":0,"menu_order":0,"comment_status":"closed","ping_status":"closed","template":"elementor_header_footer","meta":{"footnotes":""},"class_list":["post-96","page","type-page","status-publish","hentry"],"yoast_head":"<!-- This site is optimized with the Yoast SEO plugin v21.1 - https:\/\/yoast.com\/wordpress\/plugins\/seo\/ -->\n<title>Home - Baudienstleistung Ruckdschel<\/title>\n<meta name=\"description\" content=\"Baudienstleistung Ruckd\u00e4schel ist ein seit 2020 \u00fcberregional\/regional t\u00e4tiges Bauunternehmen mit Sitz in L\u00fctzen im Burgenlandkreis.\" \/>\n<meta name=\"robots\" content=\"index, follow, max-snippet:-1, max-image-preview:large, max-video-preview:-1\" \/>\n<link rel=\"canonical\" href=\"https:\/\/baudienstleistung-ruckd\u00e4schel.de\/\" \/>\n<meta property=\"og:locale\" content=\"de_DE\" \/>\n<meta property=\"og:type\" content=\"article\" \/>\n<meta property=\"og:title\" content=\"Home - Baudienstleistung Ruckdschel\" \/>\n<meta property=\"og:description\" content=\"Baudienstleistung Ruckd\u00e4schel ist ein seit 2020 \u00fcberregional\/regional t\u00e4tiges Bauunternehmen mit Sitz in L\u00fctzen im Burgenlandkreis.\" \/>\n<meta property=\"og:url\" content=\"https:\/\/baudienstleistung-ruckd\u00e4schel.de\/\" \/>\n<meta property=\"og:site_name\" content=\"Baudienstleistung Ruckdschel\" \/>\n<meta property=\"article:modified_time\" content=\"2023-09-11T14:10:52+00:00\" \/>\n<meta name=\"twitter:card\" content=\"summary_large_image\" \/>\n<meta name=\"twitter:label1\" content=\"Gesch\u00e4tzte Lesezeit\" \/>\n\t<meta name=\"twitter:data1\" content=\"2\u00a0Minuten\" \/>\n<script type=\"application\/ld+json\" class=\"yoast-schema-graph\">{\"@context\":\"https:\/\/schema.org\",\"@graph\":[{\"@type\":\"WebPage\",\"@id\":\"https:\/\/baudienstleistung-ruckd\u00e4schel.de\/\",\"url\":\"https:\/\/baudienstleistung-ruckd\u00e4schel.de\/\",\"name\":\"Home - Baudienstleistung Ruckdschel\",\"isPartOf\":{\"@id\":\"https:\/\/baudienstleistung-ruckd\u00e4schel.de\/#website\"},\"datePublished\":\"2021-09-25T11:50:37+00:00\",\"dateModified\":\"2023-09-11T14:10:52+00:00\",\"description\":\"Baudienstleistung Ruckd\u00e4schel ist ein seit 2020 \u00fcberregional\/regional t\u00e4tiges Bauunternehmen mit Sitz in L\u00fctzen im Burgenlandkreis.\",\"breadcrumb\":{\"@id\":\"https:\/\/baudienstleistung-ruckd\u00e4schel.de\/#breadcrumb\"},\"inLanguage\":\"de\",\"potentialAction\":[{\"@type\":\"ReadAction\",\"target\":[\"https:\/\/baudienstleistung-ruckd\u00e4schel.de\/\"]}]},{\"@type\":\"BreadcrumbList\",\"@id\":\"https:\/\/baudienstleistung-ruckd\u00e4schel.de\/#breadcrumb\",\"itemListElement\":[{\"@type\":\"ListItem\",\"position\":1,\"name\":\"Startseite\",\"item\":\"https:\/\/baudienstleistung-ruckd\u00e4schel.de\/\"},{\"@type\":\"ListItem\",\"position\":2,\"name\":\"Home\"}]},{\"@type\":\"WebSite\",\"@id\":\"https:\/\/baudienstleistung-ruckd\u00e4schel.de\/#website\",\"url\":\"https:\/\/baudienstleistung-ruckd\u00e4schel.de\/\",\"name\":\"Baudienstleistung Ruckdschel\",\"description\":\"\",\"publisher\":{\"@id\":\"https:\/\/baudienstleistung-ruckd\u00e4schel.de\/#organization\"},\"potentialAction\":[{\"@type\":\"SearchAction\",\"target\":{\"@type\":\"EntryPoint\",\"urlTemplate\":\"https:\/\/baudienstleistung-ruckd\u00e4schel.de\/?s={search_term_string}\"},\"query-input\":\"required name=search_term_string\"}],\"inLanguage\":\"de\"},{\"@type\":\"Organization\",\"@id\":\"https:\/\/baudienstleistung-ruckd\u00e4schel.de\/#organization\",\"name\":\"Baudienstleistung Ruckdschel\",\"url\":\"https:\/\/baudienstleistung-ruckd\u00e4schel.de\/\",\"logo\":{\"@type\":\"ImageObject\",\"inLanguage\":\"de\",\"@id\":\"https:\/\/baudienstleistung-ruckd\u00e4schel.de\/#\/schema\/logo\/image\/\",\"url\":\"https:\/\/baudienstleistung-ruckd\u00e4schel.de\/wp-content\/uploads\/2021\/09\/logo.png\",\"contentUrl\":\"https:\/\/baudienstleistung-ruckd\u00e4schel.de\/wp-content\/uploads\/2021\/09\/logo.png\",\"width\":643,\"height\":388,\"caption\":\"Baudienstleistung Ruckdschel\"},\"image\":{\"@id\":\"https:\/\/baudienstleistung-ruckd\u00e4schel.de\/#\/schema\/logo\/image\/\"}}]}<\/script>\n<!-- \/ Yoast SEO plugin. -->","yoast_head_json":{"title":"Home - Baudienstleistung Ruckdschel","description":"Baudienstleistung Ruckd\u00e4schel ist ein seit 2020 \u00fcberregional\/regional t\u00e4tiges Bauunternehmen mit Sitz in L\u00fctzen im Burgenlandkreis.","robots":{"index":"index","follow":"follow","max-snippet":"max-snippet:-1","max-image-preview":"max-image-preview:large","max-video-preview":"max-video-preview:-1"},"canonical":"https:\/\/baudienstleistung-ruckd\u00e4schel.de\/","og_locale":"de_DE","og_type":"article","og_title":"Home - Baudienstleistung Ruckdschel","og_description":"Baudienstleistung Ruckd\u00e4schel ist ein seit 2020 \u00fcberregional\/regional t\u00e4tiges Bauunternehmen mit Sitz in L\u00fctzen im Burgenlandkreis.","og_url":"https:\/\/baudienstleistung-ruckd\u00e4schel.de\/","og_site_name":"Baudienstleistung Ruckdschel","article_modified_time":"2023-09-11T14:10:52+00:00","twitter_card":"summary_large_image","twitter_misc":{"Gesch\u00e4tzte Lesezeit":"2\u00a0Minuten"},"schema":{"@context":"https:\/\/schema.org","@graph":[{"@type":"WebPage","@id":"https:\/\/baudienstleistung-ruckd\u00e4schel.de\/","url":"https:\/\/baudienstleistung-ruckd\u00e4schel.de\/","name":"Home - Baudienstleistung Ruckdschel","isPartOf":{"@id":"https:\/\/baudienstleistung-ruckd\u00e4schel.de\/#website"},"datePublished":"2021-09-25T11:50:37+00:00","dateModified":"2023-09-11T14:10:52+00:00","description":"Baudienstleistung Ruckd\u00e4schel ist ein seit 2020 \u00fcberregional\/regional t\u00e4tiges Bauunternehmen mit Sitz in L\u00fctzen im Burgenlandkreis.","breadcrumb":{"@id":"https:\/\/baudienstleistung-ruckd\u00e4schel.de\/#breadcrumb"},"inLanguage":"de","potentialAction":[{"@type":"ReadAction","target":["https:\/\/baudienstleistung-ruckd\u00e4schel.de\/"]}]},{"@type":"BreadcrumbList","@id":"https:\/\/baudienstleistung-ruckd\u00e4schel.de\/#breadcrumb","itemListElement":[{"@type":"ListItem","position":1,"name":"Startseite","item":"https:\/\/baudienstleistung-ruckd\u00e4schel.de\/"},{"@type":"ListItem","position":2,"name":"Home"}]},{"@type":"WebSite","@id":"https:\/\/baudienstleistung-ruckd\u00e4schel.de\/#website","url":"https:\/\/baudienstleistung-ruckd\u00e4schel.de\/","name":"Baudienstleistung Ruckdschel","description":"","publisher":{"@id":"https:\/\/baudienstleistung-ruckd\u00e4schel.de\/#organization"},"potentialAction":[{"@type":"SearchAction","target":{"@type":"EntryPoint","urlTemplate":"https:\/\/baudienstleistung-ruckd\u00e4schel.de\/?s={search_term_string}"},"query-input":"required name=search_term_string"}],"inLanguage":"de"},{"@type":"Organization","@id":"https:\/\/baudienstleistung-ruckd\u00e4schel.de\/#organization","name":"Baudienstleistung Ruckdschel","url":"https:\/\/baudienstleistung-ruckd\u00e4schel.de\/","logo":{"@type":"ImageObject","inLanguage":"de","@id":"https:\/\/baudienstleistung-ruckd\u00e4schel.de\/#\/schema\/logo\/image\/","url":"https:\/\/baudienstleistung-ruckd\u00e4schel.de\/wp-content\/uploads\/2021\/09\/logo.png","contentUrl":"https:\/\/baudienstleistung-ruckd\u00e4schel.de\/wp-content\/uploads\/2021\/09\/logo.png","width":643,"height":388,"caption":"Baudienstleistung Ruckdschel"},"image":{"@id":"https:\/\/baudienstleistung-ruckd\u00e4schel.de\/#\/schema\/logo\/image\/"}}]}},"_links":{"self":[{"href":"https:\/\/baudienstleistung-ruckd\u00e4schel.de\/index.php?rest_route=\/wp\/v2\/pages\/96","targetHints":{"allow":["GET"]}}],"collection":[{"href":"https:\/\/baudienstleistung-ruckd\u00e4schel.de\/index.php?rest_route=\/wp\/v2\/pages"}],"about":[{"href":"https:\/\/baudienstleistung-ruckd\u00e4schel.de\/index.php?rest_route=\/wp\/v2\/types\/page"}],"author":[{"embeddable":true,"href":"https:\/\/baudienstleistung-ruckd\u00e4schel.de\/index.php?rest_route=\/wp\/v2\/users\/1"}],"replies":[{"embeddable":true,"href":"https:\/\/baudienstleistung-ruckd\u00e4schel.de\/index.php?rest_route=%2Fwp%2Fv2%2Fcomments&post=96"}],"version-history":[{"count":123,"href":"https:\/\/baudienstleistung-ruckd\u00e4schel.de\/index.php?rest_route=\/wp\/v2\/pages\/96\/revisions"}],"predecessor-version":[{"id":676,"href":"https:\/\/baudienstleistung-ruckd\u00e4schel.de\/index.php?rest_route=\/wp\/v2\/pages\/96\/revisions\/676"}],"wp:attachment":[{"href":"https:\/\/baudienstleistung-ruckd\u00e4schel.de\/index.php?rest_route=%2Fwp%2Fv2%2Fmedia&parent=96"}],"curies":[{"name":"wp","href":"https:\/\/api.w.org\/{rel}","templated":true}]}}